{"id":733,"date":"2024-08-20T10:35:54","date_gmt":"2024-08-20T08:35:54","guid":{"rendered":"https:\/\/www.marilena-knappe.ch\/?page_id=733"},"modified":"2026-01-19T09:30:00","modified_gmt":"2026-01-19T08:30:00","slug":"impressum","status":"publish","type":"page","link":"https:\/\/www.marilena-knappe.ch\/en\/impressum\/","title":{"rendered":"Imprint"},"content":{"rendered":"<p><strong>Responsible For The Content Of This Website <\/strong><br>Marilena Knappe<br>Feldmoosstr. 7A<br>8800 Thalwil<br>Switzerland<\/p>\n\n\n\n<p><strong>Contact<\/strong> <br>Mobile: +41 (0)76 483 63 65 <br>E-Mail: kontakt@marilena-knappe.ch<\/p>\n\n\n\n<p><strong>Company Information<\/strong> <br>Sole proprietorship Coaching and Consulting: MKC Consulting Marilena Knappe<\/p>\n\n\n\n<p><strong>Disclaimer<\/strong><br>The content on this website has been created with the utmost care. However, no guarantee is given for the accuracy, completeness, or timeliness of the content.<\/p>\n\n\n\n<p><strong>Copyright<\/strong> <br>The content and works on this website are subject to Swiss copyright law. Contributions from third parties are marked as such. Reproduction, editing, distribution, or any kind of use beyond the limits of copyright law requires the written consent of the respective author or creator.<\/p>\n\n\n\n<p>Theme: <a href=\"https:\/\/themeisle.com\/themes\/neve\/\">Neve<\/a> | Pr\u00e4sentiert von <a href=\"https:\/\/wordpress.org\">WordPress<\/a><\/p>\n\n\n\n<div style=\"height:130px\" aria-hidden=\"true\" class=\"wp-block-spacer\"><\/div>","protected":false},"excerpt":{"rendered":"<p>Verantwortlich fu\u0308r den Inhalt dieser Website Marilena KnappeFeldmoosstr. 7A8800 ThalwilSchweiz Kontakt Mobil: +41 (0)76 483 63 65 E-Mail: kontakt@marilena-knappe.ch Unternehmensinformationen Einzelunternehmen Coaching und Beratung: MKC Consulting Marilena Knappe HaftungsausschlussDie Inhalte dieser Website wurden mit gr\u00f6\u00dfter Sorgfalt erstellt. Fu\u0308r die Richtigkeit, Vollst\u00e4ndigkeit und Aktualit\u00e4t der Inhalte wird jedoch keine Gew\u00e4hr u\u0308bernommen. Urheberrechte Die Inhalte und Werke&hellip;&nbsp;<a href=\"https:\/\/www.marilena-knappe.ch\/en\/impressum\/\" rel=\"bookmark\">Read More &raquo;<span class=\"screen-reader-text\">Imprint<\/span><\/a><\/p>","protected":false},"author":1,"featured_media":0,"parent":0,"menu_order":0,"comment_status":"closed","ping_status":"closed","template":"","meta":{"neve_meta_sidebar":"","neve_meta_container":"","neve_meta_enable_content_width":"","neve_meta_content_width":0,"neve_meta_title_alignment":"","neve_meta_author_avatar":"","neve_post_elements_order":"","neve_meta_disable_header":"","neve_meta_disable_footer":"","neve_meta_disable_title":"","_themeisle_gutenberg_block_has_review":false,"footnotes":""},"class_list":["post-733","page","type-page","status-publish","hentry"],"yoast_head":"<!-- This site is optimized with the Yoast SEO plugin v26.6 - https:\/\/yoast.com\/wordpress\/plugins\/seo\/ -->\n<title>Impressum - MKC Marilena Knappe Consulting<\/title>\n<meta name=\"robots\" content=\"index, follow, max-snippet:-1, max-image-preview:large, max-video-preview:-1\" \/>\n<link rel=\"canonical\" href=\"https:\/\/www.marilena-knappe.ch\/en\/impressum\/\" \/>\n<meta property=\"og:locale\" content=\"en_GB\" \/>\n<meta property=\"og:type\" content=\"article\" \/>\n<meta property=\"og:title\" content=\"Impressum - MKC Marilena Knappe Consulting\" \/>\n<meta property=\"og:description\" content=\"Verantwortlich fu\u0308r den Inhalt dieser Website Marilena KnappeFeldmoosstr. 7A8800 ThalwilSchweiz Kontakt Mobil: +41 (0)76 483 63 65 E-Mail: kontakt@marilena-knappe.ch Unternehmensinformationen Einzelunternehmen Coaching und Beratung: MKC Consulting Marilena Knappe HaftungsausschlussDie Inhalte dieser Website wurden mit gr\u00f6\u00dfter Sorgfalt erstellt. Fu\u0308r die Richtigkeit, Vollst\u00e4ndigkeit und Aktualit\u00e4t der Inhalte wird jedoch keine Gew\u00e4hr u\u0308bernommen. Urheberrechte Die Inhalte und Werke&hellip;&nbsp;Read More &raquo;Impressum\" \/>\n<meta property=\"og:url\" content=\"https:\/\/www.marilena-knappe.ch\/en\/impressum\/\" \/>\n<meta property=\"og:site_name\" content=\"MKC Marilena Knappe Consulting\" \/>\n<meta property=\"article:publisher\" content=\"https:\/\/www.instagram.com\/marilena.knappe_official\/\" \/>\n<meta property=\"article:modified_time\" content=\"2026-01-19T08:30:00+00:00\" \/>\n<meta name=\"twitter:card\" content=\"summary_large_image\" \/>\n<meta name=\"twitter:label1\" content=\"Estimated reading time\" \/>\n\t<meta name=\"twitter:data1\" content=\"1 minute\" \/>\n<script type=\"application\/ld+json\" class=\"yoast-schema-graph\">{\"@context\":\"https:\/\/schema.org\",\"@graph\":[{\"@type\":\"WebPage\",\"@id\":\"https:\/\/www.marilena-knappe.ch\/impressum\/\",\"url\":\"https:\/\/www.marilena-knappe.ch\/impressum\/\",\"name\":\"Impressum - MKC Marilena Knappe Consulting\",\"isPartOf\":{\"@id\":\"https:\/\/www.marilena-knappe.ch\/#website\"},\"datePublished\":\"2024-08-20T08:35:54+00:00\",\"dateModified\":\"2026-01-19T08:30:00+00:00\",\"breadcrumb\":{\"@id\":\"https:\/\/www.marilena-knappe.ch\/impressum\/#breadcrumb\"},\"inLanguage\":\"en-GB\",\"potentialAction\":[{\"@type\":\"ReadAction\",\"target\":[\"https:\/\/www.marilena-knappe.ch\/impressum\/\"]}]},{\"@type\":\"BreadcrumbList\",\"@id\":\"https:\/\/www.marilena-knappe.ch\/impressum\/#breadcrumb\",\"itemListElement\":[{\"@type\":\"ListItem\",\"position\":1,\"name\":\"Start\",\"item\":\"https:\/\/www.marilena-knappe.ch\/\"},{\"@type\":\"ListItem\",\"position\":2,\"name\":\"Impressum\"}]},{\"@type\":\"WebSite\",\"@id\":\"https:\/\/www.marilena-knappe.ch\/#website\",\"url\":\"https:\/\/www.marilena-knappe.ch\/\",\"name\":\"MKC Marilena Knappe Consulting\",\"description\":\"\",\"publisher\":{\"@id\":\"https:\/\/www.marilena-knappe.ch\/#organization\"},\"potentialAction\":[{\"@type\":\"SearchAction\",\"target\":{\"@type\":\"EntryPoint\",\"urlTemplate\":\"https:\/\/www.marilena-knappe.ch\/?s={search_term_string}\"},\"query-input\":{\"@type\":\"PropertyValueSpecification\",\"valueRequired\":true,\"valueName\":\"search_term_string\"}}],\"inLanguage\":\"en-GB\"},{\"@type\":\"Organization\",\"@id\":\"https:\/\/www.marilena-knappe.ch\/#organization\",\"name\":\"MKC Marilena Knappe Consulting\",\"url\":\"https:\/\/www.marilena-knappe.ch\/\",\"logo\":{\"@type\":\"ImageObject\",\"inLanguage\":\"en-GB\",\"@id\":\"https:\/\/www.marilena-knappe.ch\/#\/schema\/logo\/image\/\",\"url\":\"https:\/\/www.marilena-knappe.ch\/wp-content\/uploads\/2025\/08\/MKC_Logo_250828.png\",\"contentUrl\":\"https:\/\/www.marilena-knappe.ch\/wp-content\/uploads\/2025\/08\/MKC_Logo_250828.png\",\"width\":426,\"height\":131,\"caption\":\"MKC Marilena Knappe Consulting\"},\"image\":{\"@id\":\"https:\/\/www.marilena-knappe.ch\/#\/schema\/logo\/image\/\"},\"sameAs\":[\"https:\/\/www.instagram.com\/marilena.knappe_official\/\"]}]}<\/script>\n<!-- \/ Yoast SEO plugin. -->","yoast_head_json":{"title":"Impressum - MKC Marilena Knappe Consulting","robots":{"index":"index","follow":"follow","max-snippet":"max-snippet:-1","max-image-preview":"max-image-preview:large","max-video-preview":"max-video-preview:-1"},"canonical":"https:\/\/www.marilena-knappe.ch\/en\/impressum\/","og_locale":"en_GB","og_type":"article","og_title":"Impressum - MKC Marilena Knappe Consulting","og_description":"Verantwortlich fu\u0308r den Inhalt dieser Website Marilena KnappeFeldmoosstr. 7A8800 ThalwilSchweiz Kontakt Mobil: +41 (0)76 483 63 65 E-Mail: kontakt@marilena-knappe.ch Unternehmensinformationen Einzelunternehmen Coaching und Beratung: MKC Consulting Marilena Knappe HaftungsausschlussDie Inhalte dieser Website wurden mit gr\u00f6\u00dfter Sorgfalt erstellt. Fu\u0308r die Richtigkeit, Vollst\u00e4ndigkeit und Aktualit\u00e4t der Inhalte wird jedoch keine Gew\u00e4hr u\u0308bernommen. Urheberrechte Die Inhalte und Werke&hellip;&nbsp;Read More &raquo;Impressum","og_url":"https:\/\/www.marilena-knappe.ch\/en\/impressum\/","og_site_name":"MKC Marilena Knappe Consulting","article_publisher":"https:\/\/www.instagram.com\/marilena.knappe_official\/","article_modified_time":"2026-01-19T08:30:00+00:00","twitter_card":"summary_large_image","twitter_misc":{"Estimated reading time":"1 minute"},"schema":{"@context":"https:\/\/schema.org","@graph":[{"@type":"WebPage","@id":"https:\/\/www.marilena-knappe.ch\/impressum\/","url":"https:\/\/www.marilena-knappe.ch\/impressum\/","name":"Impressum - MKC Marilena Knappe Consulting","isPartOf":{"@id":"https:\/\/www.marilena-knappe.ch\/#website"},"datePublished":"2024-08-20T08:35:54+00:00","dateModified":"2026-01-19T08:30:00+00:00","breadcrumb":{"@id":"https:\/\/www.marilena-knappe.ch\/impressum\/#breadcrumb"},"inLanguage":"en-GB","potentialAction":[{"@type":"ReadAction","target":["https:\/\/www.marilena-knappe.ch\/impressum\/"]}]},{"@type":"BreadcrumbList","@id":"https:\/\/www.marilena-knappe.ch\/impressum\/#breadcrumb","itemListElement":[{"@type":"ListItem","position":1,"name":"Start","item":"https:\/\/www.marilena-knappe.ch\/"},{"@type":"ListItem","position":2,"name":"Impressum"}]},{"@type":"WebSite","@id":"https:\/\/www.marilena-knappe.ch\/#website","url":"https:\/\/www.marilena-knappe.ch\/","name":"MKC Marilena Knappe Consulting","description":"","publisher":{"@id":"https:\/\/www.marilena-knappe.ch\/#organization"},"potentialAction":[{"@type":"SearchAction","target":{"@type":"EntryPoint","urlTemplate":"https:\/\/www.marilena-knappe.ch\/?s={search_term_string}"},"query-input":{"@type":"PropertyValueSpecification","valueRequired":true,"valueName":"search_term_string"}}],"inLanguage":"en-GB"},{"@type":"Organization","@id":"https:\/\/www.marilena-knappe.ch\/#organization","name":"MKC Marilena Knappe Consulting","url":"https:\/\/www.marilena-knappe.ch\/","logo":{"@type":"ImageObject","inLanguage":"en-GB","@id":"https:\/\/www.marilena-knappe.ch\/#\/schema\/logo\/image\/","url":"https:\/\/www.marilena-knappe.ch\/wp-content\/uploads\/2025\/08\/MKC_Logo_250828.png","contentUrl":"https:\/\/www.marilena-knappe.ch\/wp-content\/uploads\/2025\/08\/MKC_Logo_250828.png","width":426,"height":131,"caption":"MKC Marilena Knappe Consulting"},"image":{"@id":"https:\/\/www.marilena-knappe.ch\/#\/schema\/logo\/image\/"},"sameAs":["https:\/\/www.instagram.com\/marilena.knappe_official\/"]}]}},"_links":{"self":[{"href":"https:\/\/www.marilena-knappe.ch\/en\/wp-json\/wp\/v2\/pages\/733","targetHints":{"allow":["GET"]}}],"collection":[{"href":"https:\/\/www.marilena-knappe.ch\/en\/wp-json\/wp\/v2\/pages"}],"about":[{"href":"https:\/\/www.marilena-knappe.ch\/en\/wp-json\/wp\/v2\/types\/page"}],"author":[{"embeddable":true,"href":"https:\/\/www.marilena-knappe.ch\/en\/wp-json\/wp\/v2\/users\/1"}],"replies":[{"embeddable":true,"href":"https:\/\/www.marilena-knappe.ch\/en\/wp-json\/wp\/v2\/comments?post=733"}],"version-history":[{"count":13,"href":"https:\/\/www.marilena-knappe.ch\/en\/wp-json\/wp\/v2\/pages\/733\/revisions"}],"predecessor-version":[{"id":3332,"href":"https:\/\/www.marilena-knappe.ch\/en\/wp-json\/wp\/v2\/pages\/733\/revisions\/3332"}],"wp:attachment":[{"href":"https:\/\/www.marilena-knappe.ch\/en\/wp-json\/wp\/v2\/media?parent=733"}],"curies":[{"name":"wp","href":"https:\/\/api.w.org\/{rel}","templated":true}]}}