{"id":2680,"date":"2025-08-26T12:21:05","date_gmt":"2025-08-26T10:21:05","guid":{"rendered":"https:\/\/www.marilena-knappe.ch\/?page_id=2680"},"modified":"2025-09-02T10:52:06","modified_gmt":"2025-09-02T08:52:06","slug":"rechtliche-hinweise","status":"publish","type":"page","link":"https:\/\/www.marilena-knappe.ch\/en\/rechtliche-hinweise\/","title":{"rendered":"Legal Notice"},"content":{"rendered":"<p><strong>Disclaimer And Limitation Of Liability<\/strong><br>All information provided on our websites has been carefully researched and checked. However, we do not assume any liability for the accuracy, completeness, or timeliness of the content. All information is provided solely for the purpose of informing visitors of this online offer. Apart from that, liability is limited to intent and gross negligence.<\/p>\n\n\n\n<p><strong>External Links<\/strong><br>The website www.marilena-knappe.ch contains links to external websites. These links are not under our control. Marilena Knappe is not responsible for the content of these websites and assumes no liability for it. By using these external links, you leave the website of Marilena Knappe. This is done at your own risk.<\/p>\n\n\n\n<p><strong>Copyright And Trademarks<\/strong><br>The content of all pages of this website is protected by copyright. All rights to reproduce the content or parts thereof are reserved.<\/p>\n\n\n\n<p><strong>Image Credits<\/strong><br>The images on these pages include material from the following source:<br><a href=\"https:\/\/www.freepik.com\/\" target=\"_blank\" rel=\"noreferrer noopener\">Freepik<\/a><br><\/p>","protected":false},"excerpt":{"rendered":"<p>Haftungs- und Gew\u00e4hrleistungsausschlussAlle in unseren Internetseiten enthaltenen Angaben und Informationen wurden von uns sorgf\u00e4ltig recherchiert und gepr\u00fcft. F\u00fcr Richtigkeit, Vollst\u00e4ndigkeit und Aktualit\u00e4t \u00fcbernehmen wir keine Haftung. Alle Informationen dienen ausschlie\u00dflich zur Information der Besucher des Onlineangebotes. Im \u00fcbrigen ist die Haftung auf Vorsatz und grobe Fahrl\u00e4ssigkeit beschr\u00e4nkt. Externe LinksDie Website www.marilena-knappe.ch enth\u00e4lt Links zu anderen&hellip;&nbsp;<a href=\"https:\/\/www.marilena-knappe.ch\/en\/rechtliche-hinweise\/\" rel=\"bookmark\">Read More &raquo;<span class=\"screen-reader-text\">Legal Notice<\/span><\/a><\/p>","protected":false},"author":1,"featured_media":0,"parent":0,"menu_order":0,"comment_status":"closed","ping_status":"closed","template":"","meta":{"neve_meta_sidebar":"","neve_meta_container":"","neve_meta_enable_content_width":"","neve_meta_content_width":0,"neve_meta_title_alignment":"","neve_meta_author_avatar":"","neve_post_elements_order":"","neve_meta_disable_header":"","neve_meta_disable_footer":"","neve_meta_disable_title":"","_themeisle_gutenberg_block_has_review":false,"footnotes":""},"class_list":["post-2680","page","type-page","status-publish","hentry"],"yoast_head":"<!-- This site is optimized with the Yoast SEO plugin v26.6 - https:\/\/yoast.com\/wordpress\/plugins\/seo\/ -->\n<title>Rechtliche Hinweise - MKC Marilena Knappe Consulting<\/title>\n<meta name=\"robots\" content=\"index, follow, max-snippet:-1, max-image-preview:large, max-video-preview:-1\" \/>\n<link rel=\"canonical\" href=\"https:\/\/www.marilena-knappe.ch\/en\/rechtliche-hinweise\/\" \/>\n<meta property=\"og:locale\" content=\"en_GB\" \/>\n<meta property=\"og:type\" content=\"article\" \/>\n<meta property=\"og:title\" content=\"Rechtliche Hinweise - MKC Marilena Knappe Consulting\" \/>\n<meta property=\"og:description\" content=\"Haftungs- und Gew\u00e4hrleistungsausschlussAlle in unseren Internetseiten enthaltenen Angaben und Informationen wurden von uns sorgf\u00e4ltig recherchiert und gepr\u00fcft. F\u00fcr Richtigkeit, Vollst\u00e4ndigkeit und Aktualit\u00e4t \u00fcbernehmen wir keine Haftung. Alle Informationen dienen ausschlie\u00dflich zur Information der Besucher des Onlineangebotes. Im \u00fcbrigen ist die Haftung auf Vorsatz und grobe Fahrl\u00e4ssigkeit beschr\u00e4nkt. Externe LinksDie Website www.marilena-knappe.ch enth\u00e4lt Links zu anderen&hellip;&nbsp;Read More &raquo;Rechtliche Hinweise\" \/>\n<meta property=\"og:url\" content=\"https:\/\/www.marilena-knappe.ch\/en\/rechtliche-hinweise\/\" \/>\n<meta property=\"og:site_name\" content=\"MKC Marilena Knappe Consulting\" \/>\n<meta property=\"article:publisher\" content=\"https:\/\/www.instagram.com\/marilena.knappe_official\/\" \/>\n<meta property=\"article:modified_time\" content=\"2025-09-02T08:52:06+00:00\" \/>\n<meta name=\"twitter:card\" content=\"summary_large_image\" \/>\n<meta name=\"twitter:label1\" content=\"Estimated reading time\" \/>\n\t<meta name=\"twitter:data1\" content=\"1 minute\" \/>\n<script type=\"application\/ld+json\" class=\"yoast-schema-graph\">{\"@context\":\"https:\/\/schema.org\",\"@graph\":[{\"@type\":\"WebPage\",\"@id\":\"https:\/\/www.marilena-knappe.ch\/rechtliche-hinweise\/\",\"url\":\"https:\/\/www.marilena-knappe.ch\/rechtliche-hinweise\/\",\"name\":\"Rechtliche Hinweise - MKC Marilena Knappe Consulting\",\"isPartOf\":{\"@id\":\"https:\/\/www.marilena-knappe.ch\/#website\"},\"datePublished\":\"2025-08-26T10:21:05+00:00\",\"dateModified\":\"2025-09-02T08:52:06+00:00\",\"breadcrumb\":{\"@id\":\"https:\/\/www.marilena-knappe.ch\/rechtliche-hinweise\/#breadcrumb\"},\"inLanguage\":\"en-GB\",\"potentialAction\":[{\"@type\":\"ReadAction\",\"target\":[\"https:\/\/www.marilena-knappe.ch\/rechtliche-hinweise\/\"]}]},{\"@type\":\"BreadcrumbList\",\"@id\":\"https:\/\/www.marilena-knappe.ch\/rechtliche-hinweise\/#breadcrumb\",\"itemListElement\":[{\"@type\":\"ListItem\",\"position\":1,\"name\":\"Start\",\"item\":\"https:\/\/www.marilena-knappe.ch\/\"},{\"@type\":\"ListItem\",\"position\":2,\"name\":\"Rechtliche Hinweise\"}]},{\"@type\":\"WebSite\",\"@id\":\"https:\/\/www.marilena-knappe.ch\/#website\",\"url\":\"https:\/\/www.marilena-knappe.ch\/\",\"name\":\"MKC Marilena Knappe Consulting\",\"description\":\"\",\"publisher\":{\"@id\":\"https:\/\/www.marilena-knappe.ch\/#organization\"},\"potentialAction\":[{\"@type\":\"SearchAction\",\"target\":{\"@type\":\"EntryPoint\",\"urlTemplate\":\"https:\/\/www.marilena-knappe.ch\/?s={search_term_string}\"},\"query-input\":{\"@type\":\"PropertyValueSpecification\",\"valueRequired\":true,\"valueName\":\"search_term_string\"}}],\"inLanguage\":\"en-GB\"},{\"@type\":\"Organization\",\"@id\":\"https:\/\/www.marilena-knappe.ch\/#organization\",\"name\":\"MKC Marilena Knappe Consulting\",\"url\":\"https:\/\/www.marilena-knappe.ch\/\",\"logo\":{\"@type\":\"ImageObject\",\"inLanguage\":\"en-GB\",\"@id\":\"https:\/\/www.marilena-knappe.ch\/#\/schema\/logo\/image\/\",\"url\":\"https:\/\/www.marilena-knappe.ch\/wp-content\/uploads\/2025\/08\/MKC_Logo_250828.png\",\"contentUrl\":\"https:\/\/www.marilena-knappe.ch\/wp-content\/uploads\/2025\/08\/MKC_Logo_250828.png\",\"width\":426,\"height\":131,\"caption\":\"MKC Marilena Knappe Consulting\"},\"image\":{\"@id\":\"https:\/\/www.marilena-knappe.ch\/#\/schema\/logo\/image\/\"},\"sameAs\":[\"https:\/\/www.instagram.com\/marilena.knappe_official\/\"]}]}<\/script>\n<!-- \/ Yoast SEO plugin. -->","yoast_head_json":{"title":"Rechtliche Hinweise - MKC Marilena Knappe Consulting","robots":{"index":"index","follow":"follow","max-snippet":"max-snippet:-1","max-image-preview":"max-image-preview:large","max-video-preview":"max-video-preview:-1"},"canonical":"https:\/\/www.marilena-knappe.ch\/en\/rechtliche-hinweise\/","og_locale":"en_GB","og_type":"article","og_title":"Rechtliche Hinweise - MKC Marilena Knappe Consulting","og_description":"Haftungs- und Gew\u00e4hrleistungsausschlussAlle in unseren Internetseiten enthaltenen Angaben und Informationen wurden von uns sorgf\u00e4ltig recherchiert und gepr\u00fcft. F\u00fcr Richtigkeit, Vollst\u00e4ndigkeit und Aktualit\u00e4t \u00fcbernehmen wir keine Haftung. Alle Informationen dienen ausschlie\u00dflich zur Information der Besucher des Onlineangebotes. Im \u00fcbrigen ist die Haftung auf Vorsatz und grobe Fahrl\u00e4ssigkeit beschr\u00e4nkt. Externe LinksDie Website www.marilena-knappe.ch enth\u00e4lt Links zu anderen&hellip;&nbsp;Read More &raquo;Rechtliche Hinweise","og_url":"https:\/\/www.marilena-knappe.ch\/en\/rechtliche-hinweise\/","og_site_name":"MKC Marilena Knappe Consulting","article_publisher":"https:\/\/www.instagram.com\/marilena.knappe_official\/","article_modified_time":"2025-09-02T08:52:06+00:00","twitter_card":"summary_large_image","twitter_misc":{"Estimated reading time":"1 minute"},"schema":{"@context":"https:\/\/schema.org","@graph":[{"@type":"WebPage","@id":"https:\/\/www.marilena-knappe.ch\/rechtliche-hinweise\/","url":"https:\/\/www.marilena-knappe.ch\/rechtliche-hinweise\/","name":"Rechtliche Hinweise - MKC Marilena Knappe Consulting","isPartOf":{"@id":"https:\/\/www.marilena-knappe.ch\/#website"},"datePublished":"2025-08-26T10:21:05+00:00","dateModified":"2025-09-02T08:52:06+00:00","breadcrumb":{"@id":"https:\/\/www.marilena-knappe.ch\/rechtliche-hinweise\/#breadcrumb"},"inLanguage":"en-GB","potentialAction":[{"@type":"ReadAction","target":["https:\/\/www.marilena-knappe.ch\/rechtliche-hinweise\/"]}]},{"@type":"BreadcrumbList","@id":"https:\/\/www.marilena-knappe.ch\/rechtliche-hinweise\/#breadcrumb","itemListElement":[{"@type":"ListItem","position":1,"name":"Start","item":"https:\/\/www.marilena-knappe.ch\/"},{"@type":"ListItem","position":2,"name":"Rechtliche Hinweise"}]},{"@type":"WebSite","@id":"https:\/\/www.marilena-knappe.ch\/#website","url":"https:\/\/www.marilena-knappe.ch\/","name":"MKC Marilena Knappe Consulting","description":"","publisher":{"@id":"https:\/\/www.marilena-knappe.ch\/#organization"},"potentialAction":[{"@type":"SearchAction","target":{"@type":"EntryPoint","urlTemplate":"https:\/\/www.marilena-knappe.ch\/?s={search_term_string}"},"query-input":{"@type":"PropertyValueSpecification","valueRequired":true,"valueName":"search_term_string"}}],"inLanguage":"en-GB"},{"@type":"Organization","@id":"https:\/\/www.marilena-knappe.ch\/#organization","name":"MKC Marilena Knappe Consulting","url":"https:\/\/www.marilena-knappe.ch\/","logo":{"@type":"ImageObject","inLanguage":"en-GB","@id":"https:\/\/www.marilena-knappe.ch\/#\/schema\/logo\/image\/","url":"https:\/\/www.marilena-knappe.ch\/wp-content\/uploads\/2025\/08\/MKC_Logo_250828.png","contentUrl":"https:\/\/www.marilena-knappe.ch\/wp-content\/uploads\/2025\/08\/MKC_Logo_250828.png","width":426,"height":131,"caption":"MKC Marilena Knappe Consulting"},"image":{"@id":"https:\/\/www.marilena-knappe.ch\/#\/schema\/logo\/image\/"},"sameAs":["https:\/\/www.instagram.com\/marilena.knappe_official\/"]}]}},"_links":{"self":[{"href":"https:\/\/www.marilena-knappe.ch\/en\/wp-json\/wp\/v2\/pages\/2680","targetHints":{"allow":["GET"]}}],"collection":[{"href":"https:\/\/www.marilena-knappe.ch\/en\/wp-json\/wp\/v2\/pages"}],"about":[{"href":"https:\/\/www.marilena-knappe.ch\/en\/wp-json\/wp\/v2\/types\/page"}],"author":[{"embeddable":true,"href":"https:\/\/www.marilena-knappe.ch\/en\/wp-json\/wp\/v2\/users\/1"}],"replies":[{"embeddable":true,"href":"https:\/\/www.marilena-knappe.ch\/en\/wp-json\/wp\/v2\/comments?post=2680"}],"version-history":[{"count":5,"href":"https:\/\/www.marilena-knappe.ch\/en\/wp-json\/wp\/v2\/pages\/2680\/revisions"}],"predecessor-version":[{"id":2975,"href":"https:\/\/www.marilena-knappe.ch\/en\/wp-json\/wp\/v2\/pages\/2680\/revisions\/2975"}],"wp:attachment":[{"href":"https:\/\/www.marilena-knappe.ch\/en\/wp-json\/wp\/v2\/media?parent=2680"}],"curies":[{"name":"wp","href":"https:\/\/api.w.org\/{rel}","templated":true}]}}