{"id":172,"date":"2024-06-24T09:07:25","date_gmt":"2024-06-24T07:07:25","guid":{"rendered":"https:\/\/www.marilena-knappe.ch\/?page_id=172"},"modified":"2026-04-11T11:43:21","modified_gmt":"2026-04-11T09:43:21","slug":"ihre-vorteile","status":"publish","type":"page","link":"https:\/\/www.marilena-knappe.ch\/en\/ihre-vorteile\/","title":{"rendered":"Your Benefits"},"content":{"rendered":"<div class=\"wp-block-cover alignfull is-light is-repeated has-nv-dark-bg-color has-text-color has-link-color wp-elements-796f9126dbb30ead7482c28c808522a7\" style=\"padding-top:0;padding-bottom:0;min-height:160px;aspect-ratio:unset;\"><video class=\"wp-block-cover__video-background intrinsic-ignore\" autoplay muted loop playsinline src=\"https:\/\/www.marilena-knappe.ch\/wp-content\/uploads\/2024\/07\/1105214_Beautiful_Floral_1280x720.mp4\" data-object-fit=\"cover\"><\/video><span aria-hidden=\"true\" class=\"wp-block-cover__background has-background-dim-0 has-background-dim has-background-gradient has-very-light-gray-to-cyan-bluish-gray-gradient-background\"><\/span><div class=\"wp-block-cover__inner-container is-layout-flow wp-block-cover-is-layout-flow\">\n<div style=\"height:40px\" aria-hidden=\"true\" class=\"wp-block-spacer\"><\/div>\n<\/div><\/div>\n\n\n\n<div style=\"height:30px\" aria-hidden=\"true\" class=\"wp-block-spacer\"><\/div>\n\n\n\n<h2 class=\"wp-block-heading has-text-align-left\">Find Your True Self \u2013 Find Freedom. Realise Your Full Potential<\/h2>\n\n\n\n<p><\/p>\n\n\n<p class=\"fonts-plugin-block zitate\" style=\"font-family: rastanty-cortez;font-size: 60px;line-height: 1;text-align: center;color: #484848\">\u00abThrough passion, we live,<br>through reason, we merely exist.\u00bb <\/p>\n\n\n<p class=\"has-text-align-center zitat\" style=\"font-size:14px\">Nicolas Chamfort<\/p>\n\n\n\n<p>Dedicated to your growth and self-awareness: <strong>Be. Clear. Real. Free.<\/strong> <strong>Lead with Clarity. Create Real Impact.<\/strong>.<\/p>\n\n\n\n<p>I offer you <strong>solution-oriented<\/strong> <strong>guidance<\/strong>, that unites deep psychological insight with practical results-driven strategies. In doing so, I combine Personal Coaching (Life &amp; Business) with powerful therapeutic methods \u2013 mind with emotion, <strong>contemporary Western knowledge with timeless Eastern wisdom.<\/strong><\/p>\n\n\n\n<p>My program isn't about short-term motivation, but about conscious personal growth, <strong>mindset mastery<\/strong> and <strong>lasting transformation<\/strong>. It is both <strong>profound and practical<\/strong> \u2013 I help you meet yourself, dissolve entrenched patterns, and experience true freedom.<\/p>\n\n\n\n<p>My clients include leaders, entrepreneurs, and individuals who want to <strong>fully realise their potential<\/strong> \u2013 those seeking clarity, direction, and a deeper <strong>sense of purpose<\/strong>. Those who wish to become master of their thoughts and emotions, and to live or lead with <strong>ease <\/strong>and authenticity. This also includes people navigating personal or professional transitions, experiencing <strong>inner restlessness or blocks<\/strong> , individuals striving for mental freedom and true transformation.<\/p>\n\n\n\n<p><\/p>\n\n\n<div class=\"wp-block-image\">\n<figure class=\"alignright size-full is-resized\"><img loading=\"lazy\" decoding=\"async\" width=\"2560\" height=\"1707\" src=\"https:\/\/www.marilena-knappe.ch\/wp-content\/uploads\/2024\/05\/3-_bonfire-beach-1-scaled.jpg\" alt=\"\" class=\"wp-image-67\" style=\"width:313px;height:auto\" srcset=\"https:\/\/www.marilena-knappe.ch\/wp-content\/uploads\/2024\/05\/3-_bonfire-beach-1-scaled.jpg 2560w, https:\/\/www.marilena-knappe.ch\/wp-content\/uploads\/2024\/05\/3-_bonfire-beach-1-300x200.jpg 300w, https:\/\/www.marilena-knappe.ch\/wp-content\/uploads\/2024\/05\/3-_bonfire-beach-1-1024x683.jpg 1024w, https:\/\/www.marilena-knappe.ch\/wp-content\/uploads\/2024\/05\/3-_bonfire-beach-1-768x512.jpg 768w, https:\/\/www.marilena-knappe.ch\/wp-content\/uploads\/2024\/05\/3-_bonfire-beach-1-1536x1024.jpg 1536w, https:\/\/www.marilena-knappe.ch\/wp-content\/uploads\/2024\/05\/3-_bonfire-beach-1-2048x1365.jpg 2048w, https:\/\/www.marilena-knappe.ch\/wp-content\/uploads\/2024\/05\/3-_bonfire-beach-1-930x620.jpg 930w\" sizes=\"auto, (max-width: 2560px) 100vw, 2560px\" \/><\/figure>\n<\/div>\n\n\n<p>Clarity, lasting strength, and true transformation start from within.<\/p>\n\n\n\n<ul class=\"wp-block-list\">\n<li class=\"abstandliste\">Together, we\u2019ll explore your current situation, your aspirations, and where you want your journey to take you.<\/li>\n\n\n\n<li class=\"abstandliste\">From there, we\u2019ll define an inspiring, realistic and measurable goal that truly energises you.<\/li>\n\n\n\n<li class=\"abstandliste\">I draw on proven techniques, impactful tools and meaningful insights \u2013 carefully chosen to match your unique needs, goals, and life context. In every session, you\u2019ll leave with concrete exercises and actionable strategies you can apply right away in your daily life.<\/li>\n<\/ul>\n\n\n\n<p>Through this process, I help you gain <strong>fresh insights <\/strong>and <strong>perspectives<\/strong>, <strong>accelerate <\/strong>your personal growth, and achieve <strong>lasting, meaningful change<\/strong> \u2013 whether in one-to-one sessions or in group settings.<\/p>\n\n\n\n<p>By engaging in individual coaching or booking an in\u2011house program, you\u2019ll have an experienced sparring partner by your side \u2013 and the added accountability to keep you focused and moving forward.<\/p>\n\n\n<p class=\"fonts-plugin-block zitate\" style=\"font-family: rastanty-cortez;font-size: 60px;line-height: 1;text-align: center;color: #484848\">\u00abImagination is more important<br>than knowledge.\u00bb<\/p>\n\n\n<p class=\"has-text-align-center zitat\" style=\"font-size:14px\">Albert Einstein<\/p>\n\n\n\n<p>Awareness also means transcending the limits of your mind.<\/p>\n\n\n\n<p>Therefore, exceptional coaching always goes beyond mere thinking: it opens up new horizons and enables an entirely new level of effectiveness, experience, and quality of life.<\/p>\n\n\n\n<p><strong>I'd be delighted to accompany you on this inspiring journey \u2013 into deeper awareness, lasting transformation, and the power of NOW.<\/strong><\/p>\n\n\n\n<div style=\"height:130px\" aria-hidden=\"true\" class=\"wp-block-spacer\"><\/div>","protected":false},"excerpt":{"rendered":"<p>Finde zu Dir \u2013 finde Freiheit. Entfalte Dein volles Potenzial Nicolas Chamfort Engagiert f\u00fcr Deinen Bewusst-Seins- und Entwicklungsprozess: Lebe. Klar. Echt. Frei. F\u00fchre mit Klarheit und Wirkung. Ich biete Dir eine l\u00f6sungsorientierte Begleitung, die psychologische Tiefe mit praxisnahen Strategien vereint. Hierbei verbinde ich Personal Coaching (Life &amp; Business) mit wirkungsvollen therapeutischen Methoden \u2013 Verstand mit&hellip;&nbsp;<a href=\"https:\/\/www.marilena-knappe.ch\/en\/ihre-vorteile\/\" rel=\"bookmark\">Read More &raquo;<span class=\"screen-reader-text\">Your Benefits<\/span><\/a><\/p>","protected":false},"author":1,"featured_media":0,"parent":0,"menu_order":0,"comment_status":"closed","ping_status":"closed","template":"","meta":{"neve_meta_sidebar":"full-width","neve_meta_container":"default","neve_meta_enable_content_width":"on","neve_meta_content_width":78,"neve_meta_title_alignment":"","neve_meta_author_avatar":"","neve_post_elements_order":"","neve_meta_disable_header":"","neve_meta_disable_footer":"","neve_meta_disable_title":"on","_themeisle_gutenberg_block_has_review":false,"footnotes":""},"class_list":["post-172","page","type-page","status-publish","hentry"],"yoast_head":"<!-- This site is optimized with the Yoast SEO plugin v26.6 - https:\/\/yoast.com\/wordpress\/plugins\/seo\/ -->\n<title>Mehrwert - MKC Marilena Knappe Consulting<\/title>\n<meta name=\"robots\" content=\"index, follow, max-snippet:-1, max-image-preview:large, max-video-preview:-1\" \/>\n<link rel=\"canonical\" href=\"https:\/\/www.marilena-knappe.ch\/en\/ihre-vorteile\/\" \/>\n<meta property=\"og:locale\" content=\"en_GB\" \/>\n<meta property=\"og:type\" content=\"article\" \/>\n<meta property=\"og:title\" content=\"Mehrwert - MKC Marilena Knappe Consulting\" \/>\n<meta property=\"og:description\" content=\"Finde zu Dir \u2013 finde Freiheit. Entfalte Dein volles Potenzial Nicolas Chamfort Engagiert f\u00fcr Deinen Bewusst-Seins- und Entwicklungsprozess: Lebe. Klar. Echt. Frei. F\u00fchre mit Klarheit und Wirkung. Ich biete Dir eine l\u00f6sungsorientierte Begleitung, die psychologische Tiefe mit praxisnahen Strategien vereint. Hierbei verbinde ich Personal Coaching (Life &amp; Business) mit wirkungsvollen therapeutischen Methoden \u2013 Verstand mit&hellip;&nbsp;Read More &raquo;Mehrwert\" \/>\n<meta property=\"og:url\" content=\"https:\/\/www.marilena-knappe.ch\/en\/ihre-vorteile\/\" \/>\n<meta property=\"og:site_name\" content=\"MKC Marilena Knappe Consulting\" \/>\n<meta property=\"article:publisher\" content=\"https:\/\/www.instagram.com\/marilena.knappe_official\/\" \/>\n<meta property=\"article:modified_time\" content=\"2026-04-11T09:43:21+00:00\" \/>\n<meta property=\"og:image\" content=\"https:\/\/www.marilena-knappe.ch\/wp-content\/uploads\/2024\/05\/3-_bonfire-beach-1-scaled.jpg\" \/>\n\t<meta property=\"og:image:width\" content=\"2560\" \/>\n\t<meta property=\"og:image:height\" content=\"1707\" \/>\n\t<meta property=\"og:image:type\" content=\"image\/jpeg\" \/>\n<meta name=\"twitter:card\" content=\"summary_large_image\" \/>\n<meta name=\"twitter:label1\" content=\"Estimated reading time\" \/>\n\t<meta name=\"twitter:data1\" content=\"3 minutes\" \/>\n<script type=\"application\/ld+json\" class=\"yoast-schema-graph\">{\"@context\":\"https:\/\/schema.org\",\"@graph\":[{\"@type\":\"WebPage\",\"@id\":\"https:\/\/www.marilena-knappe.ch\/ihre-vorteile\/\",\"url\":\"https:\/\/www.marilena-knappe.ch\/ihre-vorteile\/\",\"name\":\"Mehrwert - MKC Marilena Knappe Consulting\",\"isPartOf\":{\"@id\":\"https:\/\/www.marilena-knappe.ch\/#website\"},\"primaryImageOfPage\":{\"@id\":\"https:\/\/www.marilena-knappe.ch\/ihre-vorteile\/#primaryimage\"},\"image\":{\"@id\":\"https:\/\/www.marilena-knappe.ch\/ihre-vorteile\/#primaryimage\"},\"thumbnailUrl\":\"https:\/\/www.marilena-knappe.ch\/wp-content\/uploads\/2024\/05\/3-_bonfire-beach-1-scaled.jpg\",\"datePublished\":\"2024-06-24T07:07:25+00:00\",\"dateModified\":\"2026-04-11T09:43:21+00:00\",\"breadcrumb\":{\"@id\":\"https:\/\/www.marilena-knappe.ch\/ihre-vorteile\/#breadcrumb\"},\"inLanguage\":\"en-GB\",\"potentialAction\":[{\"@type\":\"ReadAction\",\"target\":[\"https:\/\/www.marilena-knappe.ch\/ihre-vorteile\/\"]}]},{\"@type\":\"ImageObject\",\"inLanguage\":\"en-GB\",\"@id\":\"https:\/\/www.marilena-knappe.ch\/ihre-vorteile\/#primaryimage\",\"url\":\"https:\/\/www.marilena-knappe.ch\/wp-content\/uploads\/2024\/05\/3-_bonfire-beach-1-scaled.jpg\",\"contentUrl\":\"https:\/\/www.marilena-knappe.ch\/wp-content\/uploads\/2024\/05\/3-_bonfire-beach-1-scaled.jpg\"},{\"@type\":\"BreadcrumbList\",\"@id\":\"https:\/\/www.marilena-knappe.ch\/ihre-vorteile\/#breadcrumb\",\"itemListElement\":[{\"@type\":\"ListItem\",\"position\":1,\"name\":\"Start\",\"item\":\"https:\/\/www.marilena-knappe.ch\/\"},{\"@type\":\"ListItem\",\"position\":2,\"name\":\"Mehrwert\"}]},{\"@type\":\"WebSite\",\"@id\":\"https:\/\/www.marilena-knappe.ch\/#website\",\"url\":\"https:\/\/www.marilena-knappe.ch\/\",\"name\":\"MKC Marilena Knappe Consulting\",\"description\":\"\",\"publisher\":{\"@id\":\"https:\/\/www.marilena-knappe.ch\/#organization\"},\"potentialAction\":[{\"@type\":\"SearchAction\",\"target\":{\"@type\":\"EntryPoint\",\"urlTemplate\":\"https:\/\/www.marilena-knappe.ch\/?s={search_term_string}\"},\"query-input\":{\"@type\":\"PropertyValueSpecification\",\"valueRequired\":true,\"valueName\":\"search_term_string\"}}],\"inLanguage\":\"en-GB\"},{\"@type\":\"Organization\",\"@id\":\"https:\/\/www.marilena-knappe.ch\/#organization\",\"name\":\"MKC Marilena Knappe Consulting\",\"url\":\"https:\/\/www.marilena-knappe.ch\/\",\"logo\":{\"@type\":\"ImageObject\",\"inLanguage\":\"en-GB\",\"@id\":\"https:\/\/www.marilena-knappe.ch\/#\/schema\/logo\/image\/\",\"url\":\"https:\/\/www.marilena-knappe.ch\/wp-content\/uploads\/2025\/08\/MKC_Logo_250828.png\",\"contentUrl\":\"https:\/\/www.marilena-knappe.ch\/wp-content\/uploads\/2025\/08\/MKC_Logo_250828.png\",\"width\":426,\"height\":131,\"caption\":\"MKC Marilena Knappe Consulting\"},\"image\":{\"@id\":\"https:\/\/www.marilena-knappe.ch\/#\/schema\/logo\/image\/\"},\"sameAs\":[\"https:\/\/www.instagram.com\/marilena.knappe_official\/\"]}]}<\/script>\n<!-- \/ Yoast SEO plugin. -->","yoast_head_json":{"title":"Mehrwert - MKC Marilena Knappe Consulting","robots":{"index":"index","follow":"follow","max-snippet":"max-snippet:-1","max-image-preview":"max-image-preview:large","max-video-preview":"max-video-preview:-1"},"canonical":"https:\/\/www.marilena-knappe.ch\/en\/ihre-vorteile\/","og_locale":"en_GB","og_type":"article","og_title":"Mehrwert - MKC Marilena Knappe Consulting","og_description":"Finde zu Dir \u2013 finde Freiheit. Entfalte Dein volles Potenzial Nicolas Chamfort Engagiert f\u00fcr Deinen Bewusst-Seins- und Entwicklungsprozess: Lebe. Klar. Echt. Frei. F\u00fchre mit Klarheit und Wirkung. Ich biete Dir eine l\u00f6sungsorientierte Begleitung, die psychologische Tiefe mit praxisnahen Strategien vereint. Hierbei verbinde ich Personal Coaching (Life &amp; Business) mit wirkungsvollen therapeutischen Methoden \u2013 Verstand mit&hellip;&nbsp;Read More &raquo;Mehrwert","og_url":"https:\/\/www.marilena-knappe.ch\/en\/ihre-vorteile\/","og_site_name":"MKC Marilena Knappe Consulting","article_publisher":"https:\/\/www.instagram.com\/marilena.knappe_official\/","article_modified_time":"2026-04-11T09:43:21+00:00","og_image":[{"width":2560,"height":1707,"url":"https:\/\/www.marilena-knappe.ch\/wp-content\/uploads\/2024\/05\/3-_bonfire-beach-1-scaled.jpg","type":"image\/jpeg"}],"twitter_card":"summary_large_image","twitter_misc":{"Estimated reading time":"3 minutes"},"schema":{"@context":"https:\/\/schema.org","@graph":[{"@type":"WebPage","@id":"https:\/\/www.marilena-knappe.ch\/ihre-vorteile\/","url":"https:\/\/www.marilena-knappe.ch\/ihre-vorteile\/","name":"Mehrwert - MKC Marilena Knappe Consulting","isPartOf":{"@id":"https:\/\/www.marilena-knappe.ch\/#website"},"primaryImageOfPage":{"@id":"https:\/\/www.marilena-knappe.ch\/ihre-vorteile\/#primaryimage"},"image":{"@id":"https:\/\/www.marilena-knappe.ch\/ihre-vorteile\/#primaryimage"},"thumbnailUrl":"https:\/\/www.marilena-knappe.ch\/wp-content\/uploads\/2024\/05\/3-_bonfire-beach-1-scaled.jpg","datePublished":"2024-06-24T07:07:25+00:00","dateModified":"2026-04-11T09:43:21+00:00","breadcrumb":{"@id":"https:\/\/www.marilena-knappe.ch\/ihre-vorteile\/#breadcrumb"},"inLanguage":"en-GB","potentialAction":[{"@type":"ReadAction","target":["https:\/\/www.marilena-knappe.ch\/ihre-vorteile\/"]}]},{"@type":"ImageObject","inLanguage":"en-GB","@id":"https:\/\/www.marilena-knappe.ch\/ihre-vorteile\/#primaryimage","url":"https:\/\/www.marilena-knappe.ch\/wp-content\/uploads\/2024\/05\/3-_bonfire-beach-1-scaled.jpg","contentUrl":"https:\/\/www.marilena-knappe.ch\/wp-content\/uploads\/2024\/05\/3-_bonfire-beach-1-scaled.jpg"},{"@type":"BreadcrumbList","@id":"https:\/\/www.marilena-knappe.ch\/ihre-vorteile\/#breadcrumb","itemListElement":[{"@type":"ListItem","position":1,"name":"Start","item":"https:\/\/www.marilena-knappe.ch\/"},{"@type":"ListItem","position":2,"name":"Mehrwert"}]},{"@type":"WebSite","@id":"https:\/\/www.marilena-knappe.ch\/#website","url":"https:\/\/www.marilena-knappe.ch\/","name":"MKC Marilena Knappe Consulting","description":"","publisher":{"@id":"https:\/\/www.marilena-knappe.ch\/#organization"},"potentialAction":[{"@type":"SearchAction","target":{"@type":"EntryPoint","urlTemplate":"https:\/\/www.marilena-knappe.ch\/?s={search_term_string}"},"query-input":{"@type":"PropertyValueSpecification","valueRequired":true,"valueName":"search_term_string"}}],"inLanguage":"en-GB"},{"@type":"Organization","@id":"https:\/\/www.marilena-knappe.ch\/#organization","name":"MKC Marilena Knappe Consulting","url":"https:\/\/www.marilena-knappe.ch\/","logo":{"@type":"ImageObject","inLanguage":"en-GB","@id":"https:\/\/www.marilena-knappe.ch\/#\/schema\/logo\/image\/","url":"https:\/\/www.marilena-knappe.ch\/wp-content\/uploads\/2025\/08\/MKC_Logo_250828.png","contentUrl":"https:\/\/www.marilena-knappe.ch\/wp-content\/uploads\/2025\/08\/MKC_Logo_250828.png","width":426,"height":131,"caption":"MKC Marilena Knappe Consulting"},"image":{"@id":"https:\/\/www.marilena-knappe.ch\/#\/schema\/logo\/image\/"},"sameAs":["https:\/\/www.instagram.com\/marilena.knappe_official\/"]}]}},"_links":{"self":[{"href":"https:\/\/www.marilena-knappe.ch\/en\/wp-json\/wp\/v2\/pages\/172","targetHints":{"allow":["GET"]}}],"collection":[{"href":"https:\/\/www.marilena-knappe.ch\/en\/wp-json\/wp\/v2\/pages"}],"about":[{"href":"https:\/\/www.marilena-knappe.ch\/en\/wp-json\/wp\/v2\/types\/page"}],"author":[{"embeddable":true,"href":"https:\/\/www.marilena-knappe.ch\/en\/wp-json\/wp\/v2\/users\/1"}],"replies":[{"embeddable":true,"href":"https:\/\/www.marilena-knappe.ch\/en\/wp-json\/wp\/v2\/comments?post=172"}],"version-history":[{"count":194,"href":"https:\/\/www.marilena-knappe.ch\/en\/wp-json\/wp\/v2\/pages\/172\/revisions"}],"predecessor-version":[{"id":3397,"href":"https:\/\/www.marilena-knappe.ch\/en\/wp-json\/wp\/v2\/pages\/172\/revisions\/3397"}],"wp:attachment":[{"href":"https:\/\/www.marilena-knappe.ch\/en\/wp-json\/wp\/v2\/media?parent=172"}],"curies":[{"name":"wp","href":"https:\/\/api.w.org\/{rel}","templated":true}]}}